{"id":1780,"date":"2026-02-20T22:22:40","date_gmt":"2026-02-20T21:22:40","guid":{"rendered":"https:\/\/gulfofdream.pl\/?page_id=1780"},"modified":"2026-03-04T20:30:13","modified_gmt":"2026-03-04T19:30:13","slug":"dostawa","status":"publish","type":"page","link":"http:\/\/gulfofdream.pl\/?page_id=1780","title":{"rendered":"Dostawa"},"content":{"rendered":"[vc_row type=&#8221;full_width_background&#8221; full_screen_row_position=&#8221;middle&#8221; column_margin=&#8221;default&#8221; equal_height=&#8221;yes&#8221; column_direction=&#8221;default&#8221; column_direction_tablet=&#8221;default&#8221; column_direction_phone=&#8221;default&#8221; scene_position=&#8221;center&#8221; top_padding=&#8221;7&#8243; bottom_padding=&#8221;14&#8243; left_padding_desktop=&#8221;450&#8243; constrain_group_2=&#8221;yes&#8221; right_padding_desktop=&#8221;450&#8243; left_padding_tablet=&#8221;0&#8243; right_padding_tablet=&#8221;0&#8243; left_padding_phone=&#8221;0&#8243; constrain_group_6=&#8221;yes&#8221; right_padding_phone=&#8221;0&#8243; constrain_group_8=&#8221;yes&#8221; left_margin_tablet=&#8221;0&#8243; top_margin_phone=&#8221;4&#8243; text_color=&#8221;dark&#8221; text_align=&#8221;center&#8221; row_border_radius=&#8221;none&#8221; row_border_radius_applies=&#8221;bg&#8221; overflow=&#8221;visible&#8221; class=&#8221;gofd-footer-menu&#8221; enable_gradient=&#8221;true&#8221; color_overlay=&#8221;#ffffff&#8221; color_overlay_2=&#8221;#5362d6&#8243; overlay_strength=&#8221;0.3&#8243; gradient_direction=&#8221;top_to_bottom&#8221; enable_shape_divider=&#8221;true&#8221; shape_divider_color=&#8221;#5362d6&#8243; shape_divider_position=&#8221;bottom&#8221; bg_image_animation=&#8221;fade-in&#8221; gradient_type=&#8221;default&#8221; shape_type=&#8221;curve_opacity&#8221;][vc_column column_padding=&#8221;no-extra-padding&#8221; column_padding_tablet=&#8221;inherit&#8221; column_padding_phone=&#8221;inherit&#8221; column_padding_position=&#8221;top&#8221; column_element_direction_desktop=&#8221;horizontal&#8221; column_element_direction_tablet=&#8221;horizontal&#8221; column_element_direction_phone=&#8221;horizontal&#8221; column_element_alignment=&#8221;flex-start&#8221; column_element_spacing=&#8221;10px&#8221; centered_text=&#8221;true&#8221; desktop_text_alignment=&#8221;center&#8221; tablet_text_alignment=&#8221;center&#8221; phone_text_alignment=&#8221;center&#8221; background_color_opacity=&#8221;1&#8243; background_color_hover=&#8221;#5362d6&#8243; background_hover_color_opacity=&#8221;0.5&#8243; column_backdrop_filter=&#8221;none&#8221; column_shadow=&#8221;none&#8221; column_border_radius=&#8221;15px&#8221; column_link_target=&#8221;_self&#8221; max_width_desktop=&#8221;200&#8243; column_position=&#8221;default&#8221; max_width_phone=&#8221;60&#8243; gradient_direction=&#8221;left_to_right&#8221; overlay_strength=&#8221;0.3&#8243; width=&#8221;1\/5&#8243; tablet_width_inherit=&#8221;default&#8221; animation_type=&#8221;default&#8221; bg_image_animation=&#8221;none&#8221; border_type=&#8221;simple&#8221; column_border_width=&#8221;none&#8221; column_border_style=&#8221;solid&#8221; column_padding_type=&#8221;default&#8221; gradient_type=&#8221;default&#8221;][vc_raw_html css=&#8221;.vc_custom_1772038060543{background-position: 0 0 !important;background-repeat: repeat !important;}&#8221;]JTNDYSUyMGNsYXNzJTNEJTIyZmxleCUyMGl0ZW1zLWNlbnRlciUyMHB4LTIlMjBtZCUzQXB4LTglMjBjdXJzb3ItcG9pbnRlciUyMHB5LTMlMjBzbSUzQXB5LTQlMjB0ZXh0LXhzJTIwbWQlM0F0ZXh0LXNtJTIwdHJhbnNpdGlvbi1jb2xvcnMlMjByb3VuZGVkLWxnJTIwJTIwaG92ZXIlM0F0ZXh0LWdyYXktOTAwJTIyJTIwaHJlZiUzRCUyMiUyRiUzRnBhZ2VfaWQlM0QxODA5JTIyJTNFJTNDc3ZnJTIweG1sbnMlM0QlMjJodHRwJTNBJTJGJTJGd3d3LnczLm9yZyUyRjIwMDAlMkZzdmclMjIlMjB3aWR0aCUzRCUyMjI0JTIyJTIwaGVpZ2h0JTNEJTIyMjQlMjIlMjB2aWV3Qm94JTNEJTIyMCUyMDAlMjAyNCUyMDI0JTIyJTIwZmlsbCUzRCUyMm5vbmUlMjIlMjBzdHJva2UlM0QlMjJjdXJyZW50Q29sb3IlMjIlMjBzdHJva2Utd2lkdGglM0QlMjIyJTIyJTIwc3Ryb2tlLWxpbmVjYXAlM0QlMjJyb3VuZCUyMiUyMHN0cm9rZS1saW5lam9pbiUzRCUyMnJvdW5kJTIyJTIwY2xhc3MlM0QlMjJsdWNpZGUlMjBsdWNpZGUtY2lyY2xlLXF1ZXN0aW9uLW1hcmslMjB0ZXh0LWJsYWNrJTIwdy00JTIwaC00JTIwbXItMiUyMiUyMGFyaWEtaGlkZGVuJTNEJTIydHJ1ZSUyMiUzRSUzQ2NpcmNsZSUyMGN4JTNEJTIyMTIlMjIlMjBjeSUzRCUyMjEyJTIyJTIwciUzRCUyMjEwJTIyJTNFJTNDJTJGY2lyY2xlJTNFJTNDcGF0aCUyMGQlM0QlMjJNOS4wOSUyMDlhMyUyMDMlMjAwJTIwMCUyMDElMjA1LjgzJTIwMWMwJTIwMi0zJTIwMy0zJTIwMyUyMiUzRSUzQyUyRnBhdGglM0UlM0NwYXRoJTIwZCUzRCUyMk0xMiUyMDE3aC4wMSUyMiUzRSUzQyUyRnBhdGglM0UlM0MlMkZzdmclM0UlMjBGQVElM0MlMkZhJTNF[\/vc_raw_html][\/vc_column][vc_column column_padding=&#8221;no-extra-padding&#8221; column_padding_tablet=&#8221;inherit&#8221; column_padding_phone=&#8221;inherit&#8221; column_padding_position=&#8221;top&#8221; left_margin_phone=&#8221;10&#8243; column_element_direction_desktop=&#8221;horizontal&#8221; column_element_direction_tablet=&#8221;horizontal&#8221; column_element_direction_phone=&#8221;horizontal&#8221; column_element_alignment=&#8221;flex-start&#8221; column_element_spacing=&#8221;10px&#8221; centered_text=&#8221;true&#8221; desktop_text_alignment=&#8221;center&#8221; tablet_text_alignment=&#8221;center&#8221; phone_text_alignment=&#8221;center&#8221; background_color_opacity=&#8221;1&#8243; background_color_hover=&#8221;#5362d6&#8243; background_hover_color_opacity=&#8221;0.5&#8243; column_backdrop_filter=&#8221;none&#8221; column_shadow=&#8221;none&#8221; column_border_radius=&#8221;15px&#8221; column_link_target=&#8221;_self&#8221; max_width_desktop=&#8221;200&#8243; column_position=&#8221;default&#8221; max_width_phone=&#8221;60&#8243; gradient_direction=&#8221;top_to_bottom&#8221; overlay_strength=&#8221;0.3&#8243; width=&#8221;1\/5&#8243; tablet_width_inherit=&#8221;default&#8221; animation_type=&#8221;default&#8221; bg_image_animation=&#8221;none&#8221; border_type=&#8221;simple&#8221; column_border_width=&#8221;none&#8221; column_border_style=&#8221;solid&#8221; column_padding_type=&#8221;default&#8221; gradient_type=&#8221;default&#8221;][vc_raw_html]JTNDYSUyMGNsYXNzJTNEJTIyZmxleCUyMGl0ZW1zLWNlbnRlciUyMHB4LTQlMjBtZCUzQXB4LTglMjBjdXJzb3ItcG9pbnRlciUyMHB5LTMlMjBzbSUzQXB5LTQlMjB0ZXh0LXhzJTIwbWQlM0F0ZXh0LXNtJTIwdHJhbnNpdGlvbi1jb2xvcnMlMjByb3VuZGVkLWxnJTIwJTIwaG92ZXIlM0F0ZXh0LWdyYXktOTAwJTIyJTIwaHJlZiUzRCUyMiUyRiUzRnBhZ2VfaWQlM0QxNjQlMjIlM0UlM0NzdmclMjB4bWxucyUzRCUyMmh0dHAlM0ElMkYlMkZ3d3cudzMub3JnJTJGMjAwMCUyRnN2ZyUyMiUyMHdpZHRoJTNEJTIyMjQlMjIlMjBoZWlnaHQlM0QlMjIyNCUyMiUyMHZpZXdCb3glM0QlMjIwJTIwMCUyMDI0JTIwMjQlMjIlMjBmaWxsJTNEJTIybm9uZSUyMiUyMHN0cm9rZSUzRCUyMmN1cnJlbnRDb2xvciUyMiUyMHN0cm9rZS13aWR0aCUzRCUyMjIlMjIlMjBzdHJva2UtbGluZWNhcCUzRCUyMnJvdW5kJTIyJTIwc3Ryb2tlLWxpbmVqb2luJTNEJTIycm91bmQlMjIlMjBjbGFzcyUzRCUyMmx1Y2lkZSUyMGx1Y2lkZS1maWxlLXRleHQlMjB0ZXh0LWJsYWNrJTIwdy00JTIwaC00JTIwbXItMiUyMiUyMGFyaWEtaGlkZGVuJTNEJTIydHJ1ZSUyMiUzRSUzQ3BhdGglMjBkJTNEJTIyTTYlMjAyMmEyJTIwMiUyMDAlMjAwJTIwMS0yLTJWNGEyJTIwMiUyMDAlMjAwJTIwMSUyMDItMmg4YTIuNCUyMDIuNCUyMDAlMjAwJTIwMSUyMDEuNzA0LjcwNmwzLjU4OCUyMDMuNTg4QTIuNCUyMDIuNCUyMDAlMjAwJTIwMSUyMDIwJTIwOHYxMmEyJTIwMiUyMDAlMjAwJTIwMS0yJTIwMnolMjIlM0UlM0MlMkZwYXRoJTNFJTNDcGF0aCUyMGQlM0QlMjJNMTQlMjAydjVhMSUyMDElMjAwJTIwMCUyMDAlMjAxJTIwMWg1JTIyJTNFJTNDJTJGcGF0aCUzRSUzQ3BhdGglMjBkJTNEJTIyTTEwJTIwOUg4JTIyJTNFJTNDJTJGcGF0aCUzRSUzQ3BhdGglMjBkJTNEJTIyTTE2JTIwMTNIOCUyMiUzRSUzQyUyRnBhdGglM0UlM0NwYXRoJTIwZCUzRCUyMk0xNiUyMDE3SDglMjIlM0UlM0MlMkZwYXRoJTNFJTNDJTJGc3ZnJTNFUmVndWxhbWluJTNDJTJGYSUzRQ==[\/vc_raw_html][\/vc_column][vc_column column_padding=&#8221;no-extra-padding&#8221; column_padding_tablet=&#8221;inherit&#8221; column_padding_phone=&#8221;inherit&#8221; column_padding_position=&#8221;top&#8221; left_margin_phone=&#8221;20&#8243; column_element_direction_desktop=&#8221;horizontal&#8221; column_element_direction_tablet=&#8221;horizontal&#8221; column_element_direction_phone=&#8221;horizontal&#8221; column_element_alignment=&#8221;flex-start&#8221; column_element_spacing=&#8221;10px&#8221; centered_text=&#8221;true&#8221; desktop_text_alignment=&#8221;center&#8221; tablet_text_alignment=&#8221;center&#8221; phone_text_alignment=&#8221;center&#8221; background_color_opacity=&#8221;0.1&#8243; background_color_hover=&#8221;#5362d6&#8243; background_hover_color_opacity=&#8221;0.5&#8243; column_backdrop_filter=&#8221;none&#8221; column_shadow=&#8221;none&#8221; column_border_radius=&#8221;15px&#8221; column_link_target=&#8221;_self&#8221; max_width_desktop=&#8221;200&#8243; column_position=&#8221;default&#8221; max_width_phone=&#8221;60&#8243; color_overlay=&#8221;#5362d6&#8243; gradient_direction=&#8221;top_to_bottom&#8221; overlay_strength=&#8221;0.3&#8243; width=&#8221;1\/5&#8243; tablet_width_inherit=&#8221;default&#8221; animation_type=&#8221;default&#8221; bg_image_animation=&#8221;none&#8221; border_type=&#8221;simple&#8221; column_border_width=&#8221;none&#8221; column_border_style=&#8221;solid&#8221; column_padding_type=&#8221;default&#8221; gradient_type=&#8221;default&#8221;][vc_raw_html]JTNDYSUyMGNsYXNzJTNEJTIyZmxleCUyMGl0ZW1zLWNlbnRlciUyMHB4LTQlMjBtZCUzQXB4LTglMjBjdXJzb3ItcG9pbnRlciUyMHB5LTMlMjBzbSUzQXB5LTQlMjB0ZXh0LXhzJTIwbWQlM0F0ZXh0LXNtJTIwdHJhbnNpdGlvbi1jb2xvcnMlMjByb3VuZGVkLWxnJTIwJTIwaG92ZXIlM0F0ZXh0LWdyYXktOTAwJTIyJTIwaHJlZiUzRCUyMiUyRiUzRnBhZ2VfaWQlM0QxNzgwJTIyJTNFJTNDc3ZnJTIweG1sbnMlM0QlMjJodHRwJTNBJTJGJTJGd3d3LnczLm9yZyUyRjIwMDAlMkZzdmclMjIlMjB3aWR0aCUzRCUyMjI0JTIyJTIwaGVpZ2h0JTNEJTIyMjQlMjIlMjB2aWV3Qm94JTNEJTIyMCUyMDAlMjAyNCUyMDI0JTIyJTIwZmlsbCUzRCUyMm5vbmUlMjIlMjBzdHJva2UlM0QlMjJjdXJyZW50Q29sb3IlMjIlMjBzdHJva2Utd2lkdGglM0QlMjIyJTIyJTIwc3Ryb2tlLWxpbmVjYXAlM0QlMjJyb3VuZCUyMiUyMHN0cm9rZS1saW5lam9pbiUzRCUyMnJvdW5kJTIyJTIwY2xhc3MlM0QlMjJsdWNpZGUlMjBsdWNpZGUtdHJ1Y2slMjB0ZXh0LWJsYWNrJTIwdy00JTIwaC00JTIwbXItMiUyMiUyMGFyaWEtaGlkZGVuJTNEJTIydHJ1ZSUyMiUzRSUzQ3BhdGglMjBkJTNEJTIyTTE0JTIwMThWNmEyJTIwMiUyMDAlMjAwJTIwMC0yLTJINGEyJTIwMiUyMDAlMjAwJTIwMC0yJTIwMnYxMWExJTIwMSUyMDAlMjAwJTIwMCUyMDElMjAxaDIlMjIlM0UlM0MlMkZwYXRoJTNFJTNDcGF0aCUyMGQlM0QlMjJNMTUlMjAxOEg5JTIyJTNFJTNDJTJGcGF0aCUzRSUzQ3BhdGglMjBkJTNEJTIyTTE5JTIwMThoMmExJTIwMSUyMDAlMjAwJTIwMCUyMDEtMXYtMy42NWExJTIwMSUyMDAlMjAwJTIwMC0uMjItLjYyNGwtMy40OC00LjM1QTElMjAxJTIwMCUyMDAlMjAwJTIwMTcuNTIlMjA4SDE0JTIyJTNFJTNDJTJGcGF0aCUzRSUzQ2NpcmNsZSUyMGN4JTNEJTIyMTclMjIlMjBjeSUzRCUyMjE4JTIyJTIwciUzRCUyMjIlMjIlM0UlM0MlMkZjaXJjbGUlM0UlM0NjaXJjbGUlMjBjeCUzRCUyMjclMjIlMjBjeSUzRCUyMjE4JTIyJTIwciUzRCUyMjIlMjIlM0UlM0MlMkZjaXJjbGUlM0UlM0MlMkZzdmclM0VEb3N0YXdhJTNDJTJGYSUzRQ==[\/vc_raw_html][\/vc_column][vc_column column_padding=&#8221;no-extra-padding&#8221; column_padding_tablet=&#8221;inherit&#8221; column_padding_phone=&#8221;inherit&#8221; column_padding_position=&#8221;top&#8221; left_margin_phone=&#8221;15&#8243; column_element_direction_desktop=&#8221;horizontal&#8221; column_element_direction_tablet=&#8221;horizontal&#8221; column_element_direction_phone=&#8221;horizontal&#8221; column_element_alignment=&#8221;flex-start&#8221; column_element_spacing=&#8221;10px&#8221; centered_text=&#8221;true&#8221; desktop_text_alignment=&#8221;center&#8221; tablet_text_alignment=&#8221;center&#8221; phone_text_alignment=&#8221;center&#8221; background_color_opacity=&#8221;1&#8243; background_color_hover=&#8221;#5362d6&#8243; background_hover_color_opacity=&#8221;0.5&#8243; column_backdrop_filter=&#8221;none&#8221; column_shadow=&#8221;none&#8221; column_border_radius=&#8221;15px&#8221; column_link_target=&#8221;_self&#8221; max_width_desktop=&#8221;200&#8243; column_position=&#8221;default&#8221; max_width_phone=&#8221;60&#8243; gradient_direction=&#8221;left_to_right&#8221; overlay_strength=&#8221;0.3&#8243; width=&#8221;1\/5&#8243; tablet_width_inherit=&#8221;default&#8221; animation_type=&#8221;default&#8221; bg_image_animation=&#8221;none&#8221; border_type=&#8221;simple&#8221; column_border_width=&#8221;none&#8221; column_border_style=&#8221;solid&#8221; column_padding_type=&#8221;default&#8221; gradient_type=&#8221;default&#8221;][vc_raw_html]JTNDYSUyMGNsYXNzJTNEJTIyZmxleCUyMGl0ZW1zLWNlbnRlciUyMHB4LTQlMjBtZCUzQXB4LTglMjBjdXJzb3ItcG9pbnRlciUyMHB5LTMlMjBzbSUzQXB5LTQlMjB0ZXh0LXhzJTIwbWQlM0F0ZXh0LXNtJTIwdHJhbnNpdGlvbi1jb2xvcnMlMjByb3VuZGVkLWxnJTIwYmctYmx1ZS0zMDAlMjB0ZXh0LXdoaXRlJTIwJTIyJTIwaHJlZiUzRCUyMiUyRiUzRnBhZ2VfaWQlM0QxNzgzJTIyJTNFJTNDc3ZnJTIweG1sbnMlM0QlMjJodHRwJTNBJTJGJTJGd3d3LnczLm9yZyUyRjIwMDAlMkZzdmclMjIlMjB3aWR0aCUzRCUyMjI0JTIyJTIwaGVpZ2h0JTNEJTIyMjQlMjIlMjB2aWV3Qm94JTNEJTIyMCUyMDAlMjAyNCUyMDI0JTIyJTIwZmlsbCUzRCUyMm5vbmUlMjIlMjBzdHJva2UlM0QlMjJjdXJyZW50Q29sb3IlMjIlMjBzdHJva2Utd2lkdGglM0QlMjIyJTIyJTIwc3Ryb2tlLWxpbmVjYXAlM0QlMjJyb3VuZCUyMiUyMHN0cm9rZS1saW5lam9pbiUzRCUyMnJvdW5kJTIyJTIwY2xhc3MlM0QlMjJsdWNpZGUlMjBsdWNpZGUtY3JlZGl0LWNhcmQlMjB0ZXh0LWJsYWNrJTIwdy00JTIwaC00JTIwbXItMiUyMHRleHQtd2hpdGUlMjIlMjBhcmlhLWhpZGRlbiUzRCUyMnRydWUlMjIlM0UlM0NyZWN0JTIwd2lkdGglM0QlMjIyMCUyMiUyMGhlaWdodCUzRCUyMjE0JTIyJTIweCUzRCUyMjIlMjIlMjB5JTNEJTIyNSUyMiUyMHJ4JTNEJTIyMiUyMiUzRSUzQyUyRnJlY3QlM0UlM0NsaW5lJTIweDElM0QlMjIyJTIyJTIweDIlM0QlMjIyMiUyMiUyMHkxJTNEJTIyMTAlMjIlMjB5MiUzRCUyMjEwJTIyJTNFJTNDJTJGbGluZSUzRSUzQyUyRnN2ZyUzRVAlQzUlODJhdG5vJUM1JTlCY2klM0MlMkZhJTNF[\/vc_raw_html][\/vc_column][vc_column column_padding=&#8221;no-extra-padding&#8221; column_padding_tablet=&#8221;inherit&#8221; column_padding_phone=&#8221;inherit&#8221; column_padding_position=&#8221;top&#8221; left_margin_phone=&#8221;25&#8243; column_element_direction_desktop=&#8221;horizontal&#8221; column_element_direction_tablet=&#8221;horizontal&#8221; column_element_direction_phone=&#8221;horizontal&#8221; column_element_alignment=&#8221;flex-start&#8221; column_element_spacing=&#8221;10px&#8221; centered_text=&#8221;true&#8221; desktop_text_alignment=&#8221;center&#8221; tablet_text_alignment=&#8221;center&#8221; phone_text_alignment=&#8221;center&#8221; background_color_opacity=&#8221;1&#8243; background_color_hover=&#8221;#5362d6&#8243; background_hover_color_opacity=&#8221;0.5&#8243; column_backdrop_filter=&#8221;none&#8221; column_shadow=&#8221;none&#8221; column_border_radius=&#8221;15px&#8221; column_link_target=&#8221;_self&#8221; max_width_desktop=&#8221;200&#8243; column_position=&#8221;default&#8221; max_width_phone=&#8221;60&#8243; gradient_direction=&#8221;left_to_right&#8221; overlay_strength=&#8221;0.3&#8243; width=&#8221;1\/5&#8243; tablet_width_inherit=&#8221;default&#8221; animation_type=&#8221;default&#8221; bg_image_animation=&#8221;none&#8221; border_type=&#8221;simple&#8221; column_border_width=&#8221;none&#8221; column_border_style=&#8221;solid&#8221; column_padding_type=&#8221;default&#8221; gradient_type=&#8221;default&#8221;][vc_raw_html]JTNDYSUyMGNsYXNzJTNEJTIyZmxleCUyMGl0ZW1zLWNlbnRlciUyMHB4LTQlMjBtZCUzQXB4LTglMjBjdXJzb3ItcG9pbnRlciUyMHB5LTMlMjBzbSUzQXB5LTQlMjB0ZXh0LXhzJTIwbWQlM0F0ZXh0LXNtJTIwdHJhbnNpdGlvbi1jb2xvcnMlMjByb3VuZGVkLWxnJTIwJTIwaG92ZXIlM0F0ZXh0LWdyYXktOTAwJTIyJTIwaHJlZiUzRCUyMiUyRiUzRnBhZ2VfaWQlM0QxNzcwJTIyJTNFJTNDc3ZnJTIweG1sbnMlM0QlMjJodHRwJTNBJTJGJTJGd3d3LnczLm9yZyUyRjIwMDAlMkZzdmclMjIlMjB3aWR0aCUzRCUyMjI0JTIyJTIwaGVpZ2h0JTNEJTIyMjQlMjIlMjB2aWV3Qm94JTNEJTIyMCUyMDAlMjAyNCUyMDI0JTIyJTIwZmlsbCUzRCUyMm5vbmUlMjIlMjBzdHJva2UlM0QlMjJjdXJyZW50Q29sb3IlMjIlMjBzdHJva2Utd2lkdGglM0QlMjIyJTIyJTIwc3Ryb2tlLWxpbmVjYXAlM0QlMjJyb3VuZCUyMiUyMHN0cm9rZS1saW5lam9pbiUzRCUyMnJvdW5kJTIyJTIwY2xhc3MlM0QlMjJsdWNpZGUlMjBsdWNpZGUtc2hpZWxkLWNoZWNrJTIwdGV4dC1ibGFjayUyMHctNCUyMGgtNCUyMG1yLTIlMjIlMjBhcmlhLWhpZGRlbiUzRCUyMnRydWUlMjIlM0UlM0NwYXRoJTIwZCUzRCUyMk0yMCUyMDEzYzAlMjA1LTMuNSUyMDcuNS03LjY2JTIwOC45NWExJTIwMSUyMDAlMjAwJTIwMS0uNjctLjAxQzcuNSUyMDIwLjUlMjA0JTIwMTglMjA0JTIwMTNWNmExJTIwMSUyMDAlMjAwJTIwMSUyMDEtMWMyJTIwMCUyMDQuNS0xLjIlMjA2LjI0LTIuNzJhMS4xNyUyMDEuMTclMjAwJTIwMCUyMDElMjAxLjUyJTIwMEMxNC41MSUyMDMuODElMjAxNyUyMDUlMjAxOSUyMDVhMSUyMDElMjAwJTIwMCUyMDElMjAxJTIwMXolMjIlM0UlM0MlMkZwYXRoJTNFJTNDcGF0aCUyMGQlM0QlMjJtOSUyMDEyJTIwMiUyMDIlMjA0LTQlMjIlM0UlM0MlMkZwYXRoJTNFJTNDJTJGc3ZnJTNFUG9saXR5a2ElMjBwcnl3YXRubyVDNSU5QmNpJTNDJTJGYSUzRQ==[\/vc_raw_html][\/vc_column][\/vc_row][vc_row type=&#8221;in_container&#8221; full_screen_row_position=&#8221;middle&#8221; column_margin=&#8221;default&#8221; column_direction=&#8221;default&#8221; column_direction_tablet=&#8221;default&#8221; column_direction_phone=&#8221;default&#8221; scene_position=&#8221;center&#8221; text_color=&#8221;dark&#8221; text_align=&#8221;left&#8221; row_border_radius=&#8221;none&#8221; row_border_radius_applies=&#8221;bg&#8221; overflow=&#8221;visible&#8221; overlay_strength=&#8221;0.3&#8243; gradient_direction=&#8221;left_to_right&#8221; shape_divider_position=&#8221;bottom&#8221; bg_image_animation=&#8221;none&#8221;][vc_column column_padding=&#8221;no-extra-padding&#8221; column_padding_tablet=&#8221;inherit&#8221; column_padding_phone=&#8221;inherit&#8221; column_padding_position=&#8221;all&#8221; top_margin=&#8221;35&#8243; column_element_direction_desktop=&#8221;default&#8221; column_element_spacing=&#8221;default&#8221; desktop_text_alignment=&#8221;default&#8221; tablet_text_alignment=&#8221;default&#8221; phone_text_alignment=&#8221;default&#8221; background_color_opacity=&#8221;1&#8243; background_hover_color_opacity=&#8221;1&#8243; column_backdrop_filter=&#8221;none&#8221; column_shadow=&#8221;none&#8221; column_border_radius=&#8221;none&#8221; column_link_target=&#8221;_self&#8221; column_position=&#8221;default&#8221; gradient_direction=&#8221;left_to_right&#8221; overlay_strength=&#8221;0.3&#8243; width=&#8221;1\/1&#8243; tablet_width_inherit=&#8221;default&#8221; animation_type=&#8221;default&#8221; bg_image_animation=&#8221;none&#8221; border_type=&#8221;simple&#8221; column_border_width=&#8221;none&#8221; column_border_style=&#8221;solid&#8221; column_padding_type=&#8221;default&#8221; gradient_type=&#8221;default&#8221;][vc_column_text]\n<h3 id=\"isPasted\">KOSZT DOSTAWY<\/h3>\n<p><br id=\"isPasted\" \/>InPost Paczkomat 24\/7\u00a0<strong>8,99 z\u0142<\/strong><\/p>\n<p>InPost Kurier\u00a0<strong>11,99 z\u0142<\/strong><br \/>\n<br id=\"isPasted\" \/>InPost Kurier &#8211; p\u0142atno\u015b\u0107 przy odbiorze<strong>\u00a014,99 z\u0142<\/strong><\/p>\n<p>Przy zam\u00f3wieniach o warto\u015bci\u00a0<strong>powy\u017cej 150 z\u0142<\/strong>\u00a0wysy\u0142ka jest\u00a0<strong>ZA DARMO<\/strong><\/p>\n<h3>WYSY\u0141KA NA CA\u0141\u0104 POLSK\u0118<\/h3>\n<p>Paczki nadajemy na terenie ca\u0142ego kraju<\/p>\n<p>&nbsp;<\/p>\n<h3>MO\u017bLIWO\u015aCI ZWROTU<\/h3>\n<p>Kupuj\u0105c w sklepie mo\u017cesz zrezygnowa\u0107 z zakupu i odda\u0107 produktu odsy\u0142aj\u0105c go na adres<strong> paczkomat InPost WRO228m, (Wojrowicka 2,\u00a0 \u00a052-434 \u2013 Boczna \u015bciana sklepu Jomo) Wroc\u0142aw, nr kom +48 881 171 956<\/strong><\/p>\n<p>&nbsp;<\/p>\n<h3>CZAS DOSTAWY<\/h3>\n<p>95% zam\u00f3wie\u0144 dociera na miejsce przed up\u0142ywem 2 dni roboczych. Mo\u017cliwe s\u0105 jednak op\u00f3\u017anienia po stronie przewo\u017anika, dlatego czas dostawy mo\u017ce wyd\u0142u\u017cy\u0107 si\u0119 do 7 dni.[\/vc_column_text][\/vc_column][\/vc_row]\n","protected":false},"excerpt":{"rendered":"<p>[vc_row type=&#8221;full_width_background&#8221; full_screen_row_position=&#8221;middle&#8221; column_margin=&#8221;default&#8221; equal_height=&#8221;yes&#8221; column_direction=&#8221;default&#8221; column_direction_tablet=&#8221;default&#8221; column_direction_phone=&#8221;default&#8221; scene_position=&#8221;center&#8221; top_padding=&#8221;7&#8243; bottom_padding=&#8221;14&#8243; left_padding_desktop=&#8221;450&#8243; constrain_group_2=&#8221;yes&#8221; right_padding_desktop=&#8221;450&#8243; left_padding_tablet=&#8221;0&#8243; right_padding_tablet=&#8221;0&#8243; left_padding_phone=&#8221;0&#8243; constrain_group_6=&#8221;yes&#8221; right_padding_phone=&#8221;0&#8243; constrain_group_8=&#8221;yes&#8221; left_margin_tablet=&#8221;0&#8243; top_margin_phone=&#8221;4&#8243; text_color=&#8221;dark&#8221; text_align=&#8221;center&#8221; row_border_radius=&#8221;none&#8221; row_border_radius_applies=&#8221;bg&#8221; overflow=&#8221;visible&#8221; class=&#8221;gofd-footer-menu&#8221; enable_gradient=&#8221;true&#8221; color_overlay=&#8221;#ffffff&#8221;&#8230;<\/p>\n","protected":false},"author":1,"featured_media":0,"parent":0,"menu_order":0,"comment_status":"closed","ping_status":"closed","template":"","meta":{"footnotes":""},"class_list":["post-1780","page","type-page","status-publish"],"jetpack_sharing_enabled":true,"_links":{"self":[{"href":"http:\/\/gulfofdream.pl\/index.php?rest_route=\/wp\/v2\/pages\/1780","targetHints":{"allow":["GET"]}}],"collection":[{"href":"http:\/\/gulfofdream.pl\/index.php?rest_route=\/wp\/v2\/pages"}],"about":[{"href":"http:\/\/gulfofdream.pl\/index.php?rest_route=\/wp\/v2\/types\/page"}],"author":[{"embeddable":true,"href":"http:\/\/gulfofdream.pl\/index.php?rest_route=\/wp\/v2\/users\/1"}],"replies":[{"embeddable":true,"href":"http:\/\/gulfofdream.pl\/index.php?rest_route=%2Fwp%2Fv2%2Fcomments&post=1780"}],"version-history":[{"count":29,"href":"http:\/\/gulfofdream.pl\/index.php?rest_route=\/wp\/v2\/pages\/1780\/revisions"}],"predecessor-version":[{"id":2652,"href":"http:\/\/gulfofdream.pl\/index.php?rest_route=\/wp\/v2\/pages\/1780\/revisions\/2652"}],"wp:attachment":[{"href":"http:\/\/gulfofdream.pl\/index.php?rest_route=%2Fwp%2Fv2%2Fmedia&parent=1780"}],"curies":[{"name":"wp","href":"https:\/\/api.w.org\/{rel}","templated":true}]}}