{"id":161,"date":"2026-02-19T14:54:36","date_gmt":"2026-02-19T13:54:36","guid":{"rendered":"https:\/\/gulfofdream.pl\/?page_id=161"},"modified":"2026-02-25T14:41:43","modified_gmt":"2026-02-25T13:41:43","slug":"koszyk","status":"publish","type":"page","link":"http:\/\/gulfofdream.pl\/?page_id=161","title":{"rendered":"Koszyk"},"content":{"rendered":"\n<div data-block-name=\"woocommerce\/cart\" class=\"wp-block-woocommerce-cart alignwide is-loading\">\n<div data-block-name=\"woocommerce\/filled-cart-block\" class=\"wp-block-woocommerce-filled-cart-block\">\n<div data-block-name=\"woocommerce\/cart-items-block\" class=\"wp-block-woocommerce-cart-items-block\">\n<div data-block-name=\"woocommerce\/cart-line-items-block\" class=\"wp-block-woocommerce-cart-line-items-block\"><\/div>\n\n\n<\/div>\n\n\n\n\n<div data-block-name=\"woocommerce\/cart-totals-block\" class=\"wp-block-woocommerce-cart-totals-block\">\n<div data-block-name=\"woocommerce\/cart-order-summary-block\" class=\"wp-block-woocommerce-cart-order-summary-block\">\n<div data-block-name=\"woocommerce\/cart-order-summary-heading-block\" class=\"wp-block-woocommerce-cart-order-summary-heading-block\"><\/div><div data-block-name=\"woocommerce\/cart-order-summary-coupon-form-block\" class=\"wp-block-woocommerce-cart-order-summary-coupon-form-block\"><\/div><div data-block-name=\"woocommerce\/cart-order-summary-totals-block\" class=\"wp-block-woocommerce-cart-order-summary-totals-block\">\n<div data-block-name=\"woocommerce\/cart-order-summary-subtotal-block\" class=\"wp-block-woocommerce-cart-order-summary-subtotal-block\"><\/div>\n<div data-block-name=\"woocommerce\/cart-order-summary-discount-block\" class=\"wp-block-woocommerce-cart-order-summary-discount-block\"><\/div>\n<div data-block-name=\"woocommerce\/cart-order-summary-fee-block\" class=\"wp-block-woocommerce-cart-order-summary-fee-block\"><\/div>\n<div data-block-name=\"woocommerce\/cart-order-summary-shipping-block\" class=\"wp-block-woocommerce-cart-order-summary-shipping-block\"><\/div>\n<div data-block-name=\"woocommerce\/cart-order-summary-taxes-block\" class=\"wp-block-woocommerce-cart-order-summary-taxes-block\"><\/div><\/div>\n<\/div>\n\n\n\n<div data-block-name=\"woocommerce\/cart-express-payment-block\" class=\"wp-block-woocommerce-cart-express-payment-block\"><\/div>\n\n\n\n<div data-block-name=\"woocommerce\/proceed-to-checkout-block\" class=\"wp-block-woocommerce-proceed-to-checkout-block\"><\/div>\n\n\n\n<div data-block-name=\"woocommerce\/cart-accepted-payment-methods-block\" class=\"wp-block-woocommerce-cart-accepted-payment-methods-block\"><\/div>\n<\/div>\n<\/div>\n\n\n\n<div data-block-name=\"woocommerce\/empty-cart-block\" class=\"wp-block-woocommerce-empty-cart-block\">\n<h2 class=\"wp-block-heading has-text-align-center with-empty-cart-icon wc-block-cart__empty-cart__title\">Tw\u00f3j koszyk jest obecnie pusty!<\/h2>\n\n\n\n<hr class=\"wp-block-separator has-alpha-channel-opacity is-style-dots\"\/>\n\n\n\n<h2 class=\"wp-block-heading has-text-align-center\">Nowe w sklepie<\/h2>\n\n\n<div data-block-name=\"woocommerce\/product-new\" data-columns=\"4\" data-rows=\"1\" class=\"wc-block-grid wp-block-product-new wp-block-woocommerce-product-new wc-block-product-new has-4-columns\"><ul class=\"wc-block-grid__products\"><li class=\"wc-block-grid__product\">\n\t\t\t\t<a href=\"http:\/\/gulfofdream.pl\/?product=test-produktu\" class=\"wc-block-grid__product-link\">\n\t\t\t\t\t<div class=\"wc-block-grid__product-onsale\">\n\t\t\t<span aria-hidden=\"true\">Promocja<\/span>\n\t\t\t<span class=\"screen-reader-text\">Produkt w promocji<\/span>\n\t\t<\/div>\n\t\t\t\t\t<div class=\"wc-block-grid__product-image\"><img loading=\"lazy\" decoding=\"async\" width=\"1\" height=\"1\" src=\"http:\/\/gulfofdream.pl\/wp-content\/uploads\/2026\/02\/IconList.svg\" class=\"attachment-woocommerce_thumbnail size-woocommerce_thumbnail\" alt=\"Test produktu\" \/><\/div>\n\t\t\t\t\t<div class=\"wc-block-grid__product-title\">Test produktu<\/div>\n\t\t\t\t<\/a>\n\t\t\t\t<div class=\"wc-block-grid__product-price price\"><del aria-hidden=\"true\"><span class=\"woocommerce-Price-amount amount\">2,00&nbsp;<span class=\"woocommerce-Price-currencySymbol\">&#122;&#322;<\/span><\/span><\/del> <span class=\"screen-reader-text\">Pierwotna cena wynosi\u0142a: 2,00&nbsp;&#122;&#322;.<\/span><ins aria-hidden=\"true\"><span class=\"woocommerce-Price-amount amount\">1,00&nbsp;<span class=\"woocommerce-Price-currencySymbol\">&#122;&#322;<\/span><\/span><\/ins><span class=\"screen-reader-text\">Aktualna cena wynosi: 1,00&nbsp;&#122;&#322;.<\/span><\/div>\n\t\t\t\t\n\t\t\t\t<div class=\"wp-block-button wc-block-grid__product-add-to-cart\"><a href=\"\/index.php?rest_route=%2Fwp%2Fv2%2Fpages%2F161&#038;add-to-cart=3087\" aria-label=\"Dodaj do koszyka: &bdquo;Test produktu&rdquo;\" data-quantity=\"1\" data-product_id=\"3087\" data-product_sku=\"\" data-price=\"1\" rel=\"nofollow\" class=\"wp-block-button__link  add_to_cart_button ajax_add_to_cart\">Dodaj do koszyka<\/a><\/div>\n\t\t\t<\/li><li class=\"wc-block-grid__product\">\n\t\t\t\t<a href=\"http:\/\/gulfofdream.pl\/?product=griphook-pro\" class=\"wc-block-grid__product-link\">\n\t\t\t\t\t<div class=\"wc-block-grid__product-onsale\">\n\t\t\t<span aria-hidden=\"true\">Promocja<\/span>\n\t\t\t<span class=\"screen-reader-text\">Produkt w promocji<\/span>\n\t\t<\/div>\n\t\t\t\t\t<div class=\"wc-block-grid__product-image\"><img loading=\"lazy\" decoding=\"async\" width=\"300\" height=\"300\" src=\"http:\/\/gulfofdream.pl\/wp-content\/uploads\/2026\/03\/IMG_20260331_143446-300x300.png\" class=\"attachment-woocommerce_thumbnail size-woocommerce_thumbnail\" alt=\"GripHook Pro\" srcset=\"http:\/\/gulfofdream.pl\/wp-content\/uploads\/2026\/03\/IMG_20260331_143446-300x300.png 300w, http:\/\/gulfofdream.pl\/wp-content\/uploads\/2026\/03\/IMG_20260331_143446-150x150.png 150w, http:\/\/gulfofdream.pl\/wp-content\/uploads\/2026\/03\/IMG_20260331_143446-140x140.png 140w, http:\/\/gulfofdream.pl\/wp-content\/uploads\/2026\/03\/IMG_20260331_143446-100x100.png 100w, http:\/\/gulfofdream.pl\/wp-content\/uploads\/2026\/03\/IMG_20260331_143446-500x500.png 500w, http:\/\/gulfofdream.pl\/wp-content\/uploads\/2026\/03\/IMG_20260331_143446-350x350.png 350w, http:\/\/gulfofdream.pl\/wp-content\/uploads\/2026\/03\/IMG_20260331_143446-1000x1000.png 1000w, http:\/\/gulfofdream.pl\/wp-content\/uploads\/2026\/03\/IMG_20260331_143446-800x800.png 800w\" sizes=\"auto, (max-width: 300px) 100vw, 300px\" \/><\/div>\n\t\t\t\t\t<div class=\"wc-block-grid__product-title\">GripHook Pro<\/div>\n\t\t\t\t<\/a>\n\t\t\t\t<div class=\"wc-block-grid__product-price price\"><del aria-hidden=\"true\"><span class=\"woocommerce-Price-amount amount\">109,90&nbsp;<span class=\"woocommerce-Price-currencySymbol\">&#122;&#322;<\/span><\/span><\/del> <span class=\"screen-reader-text\">Pierwotna cena wynosi\u0142a: 109,90&nbsp;&#122;&#322;.<\/span><ins aria-hidden=\"true\"><span class=\"woocommerce-Price-amount amount\">54,23&nbsp;<span class=\"woocommerce-Price-currencySymbol\">&#122;&#322;<\/span><\/span><\/ins><span class=\"screen-reader-text\">Aktualna cena wynosi: 54,23&nbsp;&#122;&#322;.<\/span><\/div>\n\t\t\t\t<div class=\"wc-block-grid__product-rating\"><div class=\"star-rating\" role=\"img\" aria-label=\"Oceniono 5.00 na 5\"><span style=\"width:100%\">Oceniony <strong class=\"rating\">5.00<\/strong> na 5 na podstawie <span class=\"rating\">2<\/span> ocen klient\u00f3w<\/span><\/div><\/div>\n\t\t\t\t<div class=\"wp-block-button wc-block-grid__product-add-to-cart\"><a href=\"http:\/\/gulfofdream.pl\/?product=griphook-pro\" aria-label=\"Wybierz opcje dla &bdquo;GripHook Pro&rdquo;\" data-quantity=\"1\" data-product_id=\"3073\" data-product_sku=\"\" data-price=\"54.23\" rel=\"nofollow\" class=\"wp-block-button__link  add_to_cart_button\">Wybierz opcje<\/a><\/div>\n\t\t\t<\/li><li class=\"wc-block-grid__product\">\n\t\t\t\t<a href=\"http:\/\/gulfofdream.pl\/?product=pachnikulka-kopia\" class=\"wc-block-grid__product-link\">\n\t\t\t\t\t<div class=\"wc-block-grid__product-onsale\">\n\t\t\t<span aria-hidden=\"true\">Promocja<\/span>\n\t\t\t<span class=\"screen-reader-text\">Produkt w promocji<\/span>\n\t\t<\/div>\n\t\t\t\t\t<div class=\"wc-block-grid__product-image\"><img loading=\"lazy\" decoding=\"async\" width=\"300\" height=\"300\" src=\"http:\/\/gulfofdream.pl\/wp-content\/uploads\/2026\/03\/H0f236c963d4a4aaeb63f36debba700ee4-300x300.jpg\" class=\"attachment-woocommerce_thumbnail size-woocommerce_thumbnail\" alt=\"Pachnikulka BreezGo\" srcset=\"http:\/\/gulfofdream.pl\/wp-content\/uploads\/2026\/03\/H0f236c963d4a4aaeb63f36debba700ee4-300x300.jpg 300w, http:\/\/gulfofdream.pl\/wp-content\/uploads\/2026\/03\/H0f236c963d4a4aaeb63f36debba700ee4-150x150.jpg 150w, http:\/\/gulfofdream.pl\/wp-content\/uploads\/2026\/03\/H0f236c963d4a4aaeb63f36debba700ee4-140x140.jpg 140w, http:\/\/gulfofdream.pl\/wp-content\/uploads\/2026\/03\/H0f236c963d4a4aaeb63f36debba700ee4-100x100.jpg 100w, http:\/\/gulfofdream.pl\/wp-content\/uploads\/2026\/03\/H0f236c963d4a4aaeb63f36debba700ee4-350x350.jpg 350w\" sizes=\"auto, (max-width: 300px) 100vw, 300px\" \/><\/div>\n\t\t\t\t\t<div class=\"wc-block-grid__product-title\">Pachnikulka BreezGo<\/div>\n\t\t\t\t<\/a>\n\t\t\t\t<div class=\"wc-block-grid__product-price price\"><del aria-hidden=\"true\"><span class=\"woocommerce-Price-amount amount\">44,90&nbsp;<span class=\"woocommerce-Price-currencySymbol\">&#122;&#322;<\/span><\/span><\/del> <span class=\"screen-reader-text\">Pierwotna cena wynosi\u0142a: 44,90&nbsp;&#122;&#322;.<\/span><ins aria-hidden=\"true\"><span class=\"woocommerce-Price-amount amount\">23,18&nbsp;<span class=\"woocommerce-Price-currencySymbol\">&#122;&#322;<\/span><\/span><\/ins><span class=\"screen-reader-text\">Aktualna cena wynosi: 23,18&nbsp;&#122;&#322;.<\/span><\/div>\n\t\t\t\t<div class=\"wc-block-grid__product-rating\"><div class=\"star-rating\" role=\"img\" aria-label=\"Oceniono 5.00 na 5\"><span style=\"width:100%\">Oceniony <strong class=\"rating\">5.00<\/strong> na 5 na podstawie <span class=\"rating\">1<\/span> oceny klienta<\/span><\/div><\/div>\n\t\t\t\t<div class=\"wp-block-button wc-block-grid__product-add-to-cart\"><a href=\"\/index.php?rest_route=%2Fwp%2Fv2%2Fpages%2F161&#038;add-to-cart=3029\" aria-label=\"Dodaj do koszyka: &bdquo;Pachnikulka BreezGo&rdquo;\" data-quantity=\"1\" data-product_id=\"3029\" data-product_sku=\"\" data-price=\"23.18\" rel=\"nofollow\" class=\"wp-block-button__link  add_to_cart_button ajax_add_to_cart\">Dodaj do koszyka<\/a><\/div>\n\t\t\t<\/li><li class=\"wc-block-grid__product\">\n\t\t\t\t<a href=\"http:\/\/gulfofdream.pl\/?product=rekawice-mma\" class=\"wc-block-grid__product-link\">\n\t\t\t\t\t<div class=\"wc-block-grid__product-onsale\">\n\t\t\t<span aria-hidden=\"true\">Promocja<\/span>\n\t\t\t<span class=\"screen-reader-text\">Produkt w promocji<\/span>\n\t\t<\/div>\n\t\t\t\t\t<div class=\"wc-block-grid__product-image\"><img loading=\"lazy\" decoding=\"async\" width=\"300\" height=\"300\" src=\"http:\/\/gulfofdream.pl\/wp-content\/uploads\/2026\/03\/c0-300x300.png\" class=\"attachment-woocommerce_thumbnail size-woocommerce_thumbnail\" alt=\"R\u0119kawice MMA\" srcset=\"http:\/\/gulfofdream.pl\/wp-content\/uploads\/2026\/03\/c0-300x300.png 300w, http:\/\/gulfofdream.pl\/wp-content\/uploads\/2026\/03\/c0-150x150.png 150w, http:\/\/gulfofdream.pl\/wp-content\/uploads\/2026\/03\/c0-140x140.png 140w, http:\/\/gulfofdream.pl\/wp-content\/uploads\/2026\/03\/c0-100x100.png 100w, http:\/\/gulfofdream.pl\/wp-content\/uploads\/2026\/03\/c0-500x500.png 500w, http:\/\/gulfofdream.pl\/wp-content\/uploads\/2026\/03\/c0-350x350.png 350w, http:\/\/gulfofdream.pl\/wp-content\/uploads\/2026\/03\/c0-800x800.png 800w\" sizes=\"auto, (max-width: 300px) 100vw, 300px\" \/><\/div>\n\t\t\t\t\t<div class=\"wc-block-grid__product-title\">R\u0119kawice MMA<\/div>\n\t\t\t\t<\/a>\n\t\t\t\t<div class=\"wc-block-grid__product-price price\"><del aria-hidden=\"true\"><span class=\"woocommerce-Price-amount amount\">119,90&nbsp;<span class=\"woocommerce-Price-currencySymbol\">&#122;&#322;<\/span><\/span><\/del> <span class=\"screen-reader-text\">Pierwotna cena wynosi\u0142a: 119,90&nbsp;&#122;&#322;.<\/span><ins aria-hidden=\"true\"><span class=\"woocommerce-Price-amount amount\">64,34&nbsp;<span class=\"woocommerce-Price-currencySymbol\">&#122;&#322;<\/span><\/span><\/ins><span class=\"screen-reader-text\">Aktualna cena wynosi: 64,34&nbsp;&#122;&#322;.<\/span><\/div>\n\t\t\t\t<div class=\"wc-block-grid__product-rating\"><div class=\"star-rating\" role=\"img\" aria-label=\"Oceniono 5.00 na 5\"><span style=\"width:100%\">Oceniony <strong class=\"rating\">5.00<\/strong> na 5 na podstawie <span class=\"rating\">4<\/span> ocen klient\u00f3w<\/span><\/div><\/div>\n\t\t\t\t<div class=\"wp-block-button wc-block-grid__product-add-to-cart\"><a href=\"http:\/\/gulfofdream.pl\/?product=rekawice-mma\" aria-label=\"Wybierz opcje dla &bdquo;R\u0119kawice MMA&rdquo;\" data-quantity=\"1\" data-product_id=\"2659\" data-product_sku=\"\" data-price=\"64.34\" rel=\"nofollow\" class=\"wp-block-button__link  add_to_cart_button\">Wybierz opcje<\/a><\/div>\n\t\t\t<\/li><\/ul><\/div><\/div>\n<\/div>\n","protected":false},"excerpt":{"rendered":"Zobacz inne r\u00f3wnie interesuj\u0105ce&hellip; Tw\u00f3j koszyk jest obecnie pusty! Nowe w sklepie","protected":false},"author":1,"featured_media":0,"parent":0,"menu_order":0,"comment_status":"closed","ping_status":"closed","template":"","meta":{"footnotes":""},"class_list":["post-161","page","type-page","status-publish"],"jetpack_sharing_enabled":true,"_links":{"self":[{"href":"http:\/\/gulfofdream.pl\/index.php?rest_route=\/wp\/v2\/pages\/161","targetHints":{"allow":["GET"]}}],"collection":[{"href":"http:\/\/gulfofdream.pl\/index.php?rest_route=\/wp\/v2\/pages"}],"about":[{"href":"http:\/\/gulfofdream.pl\/index.php?rest_route=\/wp\/v2\/types\/page"}],"author":[{"embeddable":true,"href":"http:\/\/gulfofdream.pl\/index.php?rest_route=\/wp\/v2\/users\/1"}],"replies":[{"embeddable":true,"href":"http:\/\/gulfofdream.pl\/index.php?rest_route=%2Fwp%2Fv2%2Fcomments&post=161"}],"version-history":[{"count":1,"href":"http:\/\/gulfofdream.pl\/index.php?rest_route=\/wp\/v2\/pages\/161\/revisions"}],"predecessor-version":[{"id":2381,"href":"http:\/\/gulfofdream.pl\/index.php?rest_route=\/wp\/v2\/pages\/161\/revisions\/2381"}],"wp:attachment":[{"href":"http:\/\/gulfofdream.pl\/index.php?rest_route=%2Fwp%2Fv2%2Fmedia&parent=161"}],"curies":[{"name":"wp","href":"https:\/\/api.w.org\/{rel}","templated":true}]}}